{"id":997,"date":"2024-10-04T12:57:34","date_gmt":"2024-10-04T19:57:34","guid":{"rendered":"https:\/\/partnershipjobs.ca\/conditions\/"},"modified":"2024-11-22T13:57:10","modified_gmt":"2024-11-22T21:57:10","slug":"conditions","status":"publish","type":"page","link":"https:\/\/partnershipjobs.ca\/fr\/conditions\/","title":{"rendered":"Conditions"},"content":{"rendered":"<p>[et_pb_section fb_built=\u00a0\u00bb1&Prime; admin_label=\u00a0\u00bbsection\u00a0\u00bb _builder_version=\u00a0\u00bb4.25.1&Prime; background_color=\u00a0\u00bbgcid-d088fee3-21a8-4650-afdd-5c1c443d86d5&Prime; min_height=\u00a0\u00bb300px\u00a0\u00bb custom_padding=\u00a0\u00bb20px||20px||true|false\u00a0\u00bb custom_css_main_element=\u00a0\u00bbdisplay:flex;\u00a0\u00bb locked=\u00a0\u00bboff\u00a0\u00bb global_colors_info=\u00a0\u00bb{%22gcid-d088fee3-21a8-4650-afdd-5c1c443d86d5%22:%91%22background_color%22%93}\u00a0\u00bb][et_pb_row admin_label=\u00a0\u00bbrow\u00a0\u00bb _builder_version=\u00a0\u00bb4.20.4&Prime; background_size=\u00a0\u00bbinitial\u00a0\u00bb background_position=\u00a0\u00bbtop_left\u00a0\u00bb background_repeat=\u00a0\u00bbrepeat\u00a0\u00bb global_colors_info=\u00a0\u00bb{}\u00a0\u00bb][et_pb_column type=\u00a0\u00bb4_4&Prime; _builder_version=\u00a0\u00bb4.16&Prime; custom_padding=\u00a0\u00bb|||\u00a0\u00bb global_colors_info=\u00a0\u00bb{}\u00a0\u00bb custom_padding__hover=\u00a0\u00bb|||\u00a0\u00bb][et_pb_text _builder_version=\u00a0\u00bb4.25.1&Prime; _module_preset=\u00a0\u00bbdefault\u00a0\u00bb text_text_color=\u00a0\u00bb#FFFFFF\u00a0\u00bb text_font_size=\u00a0\u00bb20px\u00a0\u00bb text_line_height=\u00a0\u00bb1.4em\u00a0\u00bb link_font=\u00a0\u00bb||||on||||\u00a0\u00bb link_text_color=\u00a0\u00bb#FFFFFF\u00a0\u00bb header_font=\u00a0\u00bb|600|||||||\u00a0\u00bb header_text_align=\u00a0\u00bbleft\u00a0\u00bb header_text_color=\u00a0\u00bb#FFFFFF\u00a0\u00bb header_font_size=\u00a0\u00bb65px\u00a0\u00bb background_size=\u00a0\u00bbinitial\u00a0\u00bb background_position=\u00a0\u00bbtop_left\u00a0\u00bb background_repeat=\u00a0\u00bbrepeat\u00a0\u00bb hover_enabled=\u00a0\u00bb0&Prime; text_font_size_tablet=\u00a0\u00bb20px\u00a0\u00bb text_font_size_phone=\u00a0\u00bb14px\u00a0\u00bb text_font_size_last_edited=\u00a0\u00bbon|phone\u00a0\u00bb header_font_size_tablet=\u00a0\u00bb50px\u00a0\u00bb header_font_size_phone=\u00a0\u00bb30px\u00a0\u00bb header_font_size_last_edited=\u00a0\u00bbon|phone\u00a0\u00bb global_colors_info=\u00a0\u00bb{}\u00a0\u00bb sticky_enabled=\u00a0\u00bb0&Prime;]<\/p>\n<h1>British Columbia Library Association pour le Partnership Job Board<\/h1>\n<p>[\/et_pb_text][\/et_pb_column][\/et_pb_row][\/et_pb_section][et_pb_section fb_built=\u00a0\u00bb1&Prime; _builder_version=\u00a0\u00bb4.16&Prime; global_colors_info=\u00a0\u00bb{}\u00a0\u00bb][et_pb_row _builder_version=\u00a0\u00bb4.16&Prime; background_size=\u00a0\u00bbinitial\u00a0\u00bb background_position=\u00a0\u00bbtop_left\u00a0\u00bb background_repeat=\u00a0\u00bbrepeat\u00a0\u00bb global_colors_info=\u00a0\u00bb{}\u00a0\u00bb][et_pb_column type=\u00a0\u00bb4_4&Prime; _builder_version=\u00a0\u00bb4.16&Prime; custom_padding=\u00a0\u00bb|||\u00a0\u00bb global_colors_info=\u00a0\u00bb{}\u00a0\u00bb custom_padding__hover=\u00a0\u00bb|||\u00a0\u00bb][et_pb_text module_id=\u00a0\u00bbTerms\u00a0\u00bb _builder_version=\u00a0\u00bb4.25.1&Prime; header_2_text_color=\u00a0\u00bbgcid-primary-color\u00a0\u00bb header_2_font_size=\u00a0\u00bb40px\u00a0\u00bb background_size=\u00a0\u00bbinitial\u00a0\u00bb background_position=\u00a0\u00bbtop_left\u00a0\u00bb background_repeat=\u00a0\u00bbrepeat\u00a0\u00bb hover_enabled=\u00a0\u00bb0&Prime; global_colors_info=\u00a0\u00bb{%22gcid-primary-color%22:%91%22header_2_text_color%22%93}\u00a0\u00bb sticky_enabled=\u00a0\u00bb0&Prime;]<\/p>\n<div class=\"row\">\n<div class=\"col-md-12\">\n<h2>Conditions d\u2019utilisation<\/h2>\n<p>La British Columbia Library Association (BCLA) est propri\u00e9taire et gestionnaire du Partnership Job Board. Lorsque la mention \u00ab BCLA \u00bb est utilis\u00e9e ci-dessous, elle englobe Partnership Job Board.<\/p>\n<h3>Conditions<\/h3>\n<p>En acc\u00e9dant \u00e0 ce site Web, vous acceptez les conditions d\u2019utilisation ainsi que toutes les lois et r\u00e9glementations applicables et vous \u00eates responsable du respect de toutes les lois locales applicables. Si vous n\u2019acceptez pas ces conditions, il vous est interdit d\u2019utiliser ce site ou d\u2019y acc\u00e9der. Le mat\u00e9riel contenu sur ce site Web est prot\u00e9g\u00e9 par la l\u00e9gislation applicable en mati\u00e8re de droits d\u2019auteur et des marques de commerce.<\/p>\n<h3>Licence d\u2019utilisation<\/h3>\n<p>Il est permis de t\u00e9l\u00e9charger temporairement un exemplaire du mat\u00e9riel (renseignements ou logiciels) sur le site Web de la BCLA pour une consultation transitoire personnelle et non commerciale uniquement. Cette autorisation constitue un octroi de licence et non un transfert de titre. Dans le cadre de cette licence, vous ne pouvez pas :<\/p>\n<ul>\n<li>Modifier ou recopier le mat\u00e9riel;<\/li>\n<li>Utiliser le mat\u00e9riel \u00e0 des fins commerciales ou pour tout affichage public (commercial ou non commercial);<\/li>\n<li>Tenter de d\u00e9compiler ou de d\u00e9sosser tout logiciel contenu sur le site Web de la BCLA;<\/li>\n<li>Supprimer toute mention du droit d\u2019auteur ou autre mention de propri\u00e9t\u00e9 du mat\u00e9riel; ou<\/li>\n<li>Transf\u00e9rer le mat\u00e9riel \u00e0 une autre personne ou le mettre en miroir sur un autre serveur.<\/li>\n<\/ul>\n<p>Cette licence sera automatiquement r\u00e9sili\u00e9e si vous violez l\u2019une de ces restrictions et peut \u00eatre r\u00e9sili\u00e9e \u00e0 tout moment par la BCLA. Lorsque vous cessez de consulter ces documents ou lorsque la pr\u00e9sente licence prend fin, vous devez d\u00e9truire tous les documents t\u00e9l\u00e9charg\u00e9s en votre possession, qu\u2019ils soient sous forme \u00e9lectronique ou imprim\u00e9e.<\/p>\n<h3>Avis de non-responsabilit\u00e9<\/h3>\n<p>Le mat\u00e9riel propos\u00e9 sur le site Web de la BCLA est fourni \u00ab en l\u2019\u00e9tat \u00bb. La BCLA ne donne aucune garantie expresse ou implicite et rejette par la pr\u00e9sente toutes les autres garanties, y compris, mais sans s\u2019y limiter, les garanties ou conditions implicites de qualit\u00e9 marchande, d\u2019ad\u00e9quation \u00e0 un usage particulier ou de non-violation de la propri\u00e9t\u00e9 intellectuelle ou d\u2019autres droits. En outre, la BCLA ne garantit pas l\u2019exactitude, les r\u00e9sultats probables ou la fiabilit\u00e9 de l\u2019utilisation du mat\u00e9riel pr\u00e9sent sur son site Web et ne fait aucune d\u00e9claration \u00e0 ce sujet. L\u2019employeur est responsable du contenu de toutes les offres d\u2019emploi. La BCLA ne participe pas au processus de recrutement et ne transmet pas de messages ou de candidatures aux employeurs. ces derniers \u00e9tant responsables du contenu des postes affich\u00e9s. La BCLA ne participe pas \u00e0 la proc\u00e9dure d\u2019embauche et ne transmet ni message ni demande aux employeurs.<\/p>\n<h3>Limitations<\/h3>\n<p>En aucun cas, la BCLA ou ses fournisseurs ne pourront \u00eatre tenus responsables de tout dommage (y compris, et sans s\u2019y limiter, les dommages pour perte de donn\u00e9es ou de b\u00e9n\u00e9fices ou pour interruption d\u2019activit\u00e9) r\u00e9sultant de l\u2019utilisation du mat\u00e9riel sur le site Web de la BCLA ou de l\u2019incapacit\u00e9 \u00e0 l\u2019utiliser, m\u00eame si la BCLA ou un repr\u00e9sentant autoris\u00e9 a \u00e9t\u00e9 inform\u00e9 oralement ou par \u00e9crit de la possibilit\u00e9 d\u2019un tel dommage. Puisque certaines juridictions n\u2019autorisent pas les limitations sur les garanties implicites ou les limitations de responsabilit\u00e9 pour les dommages cons\u00e9cutifs ou accidentels, ces limitations peuvent ne pas s\u2019appliquer \u00e0 vous.<\/p>\n<h3>R\u00e9visions et errata<\/h3>\n<p>Le mat\u00e9riel propos\u00e9 sur le site Web de la BCLA peut comporter des erreurs techniques, typographiques ou photographiques. La BCLA ne garantit pas l\u2019exactitude, l\u2019exhaustivit\u00e9 ou l\u2019actualit\u00e9 des documents figurant sur son site Web. La BCLA peut apporter des modifications au mat\u00e9riel contenu sur son site Web \u00e0 tout moment et sans pr\u00e9avis. La BCLA ne s\u2019engage toutefois pas \u00e0 mettre \u00e0 jour ce mat\u00e9riel. La publication d\u2019une offre d\u2019emploi sur ce site ne signifie pas que la BCLA approuve l\u2019offre ou l\u2019employeur.<\/p>\n<h3>Liens<\/h3>\n<p>La BCLA n\u2019a pas examin\u00e9 tous les sites Web li\u00e9s \u00e0 son site Internet et n\u2019est pas responsable de leur contenu. L\u2019ajout d\u2019un lien n\u2019implique pas l\u2019approbation du site Web concern\u00e9 par BCLA. La consultation d\u2019un tel site Web rel\u00e8ve de la responsabilit\u00e9 de l\u2019utilisateur.<\/p>\n<h3>Modifications des conditions d\u2019utilisation du site Web<\/h3>\n<p>La BCLA peut r\u00e9viser les pr\u00e9sentes conditions d\u2019utilisation de son site Web \u00e0 tout moment et sans pr\u00e9avis. En utilisant ce site Web, vous acceptez d\u2019\u00eatre li\u00e9 par la version la plus r\u00e9cente de ces conditions d\u2019utilisation.<\/p>\n<h3>Droit applicable<\/h3>\n<p>Toute r\u00e9clamation relative au site Web de la BCLA est r\u00e9gie par les lois provinciales de la Colombie-Britannique, sans tenir compte des dispositions relatives aux conflits de lois.<\/p>\n<h3>Loi canadienne anti-pourriel (LCAP)<\/h3>\n<p>Il n&rsquo;est pas n\u00e9cessaire de s\u2019inscrire sur ce site sauf si vous souhaitez recevoir des notifications d\u2019emploi par courriel ou si vous \u00eates un employeur souhaitant publier des offres d\u2019emplois.<\/p>\n<p>Si vous vous inscrivez pour recevoir des notifications d\u2019emploi, il vous sera demand\u00e9 de confirmer votre inscription. Vous recevrez par courriel des notifications de nouveaux emplois tant et aussi longtemps que vous serez inscrit (instructions fournies dans chaque courriel).<\/p>\n<\/div>\n<\/div>\n<p>[\/et_pb_text][\/et_pb_column][\/et_pb_row][\/et_pb_section]<\/p>\n","protected":false},"excerpt":{"rendered":"<p>British Columbia Library Association pour le Partnership Job Board Conditions d\u2019utilisation La British Columbia Library Association (BCLA) est propri\u00e9taire et gestionnaire du Partnership Job Board. Lorsque la mention \u00ab BCLA \u00bb est utilis\u00e9e ci-dessous, elle englobe Partnership Job Board. Conditions En acc\u00e9dant \u00e0 ce site Web, vous acceptez les conditions d\u2019utilisation ainsi que toutes les [&hellip;]<\/p>\n","protected":false},"author":24,"featured_media":0,"parent":0,"menu_order":0,"comment_status":"closed","ping_status":"closed","template":"","meta":{"_acf_changed":false,"_et_pb_use_builder":"on","_et_pb_old_content":"","_et_gb_content_width":"","inline_featured_image":false,"footnotes":""},"class_list":["post-997","page","type-page","status-publish","hentry"],"acf":[],"yoast_head":"<!-- This site is optimized with the Yoast SEO plugin v27.4 - https:\/\/yoast.com\/product\/yoast-seo-wordpress\/ -->\n<title>Conditions | The Partnership Job Board<\/title>\n<meta name=\"robots\" content=\"index, follow, max-snippet:-1, max-image-preview:large, max-video-preview:-1\" \/>\n<link rel=\"canonical\" href=\"https:\/\/partnershipjobs.ca\/fr\/conditions\/\" \/>\n<meta property=\"og:locale\" content=\"fr_FR\" \/>\n<meta property=\"og:type\" content=\"article\" \/>\n<meta property=\"og:title\" content=\"Conditions | The Partnership Job Board\" \/>\n<meta property=\"og:description\" content=\"British Columbia Library Association pour le Partnership Job Board Conditions d\u2019utilisation La British Columbia Library Association (BCLA) est propri\u00e9taire et gestionnaire du Partnership Job Board. Lorsque la mention \u00ab BCLA \u00bb est utilis\u00e9e ci-dessous, elle englobe Partnership Job Board. Conditions En acc\u00e9dant \u00e0 ce site Web, vous acceptez les conditions d\u2019utilisation ainsi que toutes les [&hellip;]\" \/>\n<meta property=\"og:url\" content=\"https:\/\/partnershipjobs.ca\/fr\/conditions\/\" \/>\n<meta property=\"og:site_name\" content=\"The Partnership Job Board\" \/>\n<meta property=\"article:modified_time\" content=\"2024-11-22T21:57:10+00:00\" \/>\n<meta name=\"twitter:card\" content=\"summary_large_image\" \/>\n<meta name=\"twitter:label1\" content=\"Dur\u00e9e de lecture estim\u00e9e\" \/>\n\t<meta name=\"twitter:data1\" content=\"4 minutes\" \/>\n<script type=\"application\/ld+json\" class=\"yoast-schema-graph\">{\"@context\":\"https:\\\/\\\/schema.org\",\"@graph\":[{\"@type\":\"WebPage\",\"@id\":\"https:\\\/\\\/partnershipjobs.ca\\\/fr\\\/conditions\\\/\",\"url\":\"https:\\\/\\\/partnershipjobs.ca\\\/fr\\\/conditions\\\/\",\"name\":\"Conditions | The Partnership Job Board\",\"isPartOf\":{\"@id\":\"https:\\\/\\\/partnershipjobs.ca\\\/fr\\\/#website\"},\"datePublished\":\"2024-10-04T19:57:34+00:00\",\"dateModified\":\"2024-11-22T21:57:10+00:00\",\"breadcrumb\":{\"@id\":\"https:\\\/\\\/partnershipjobs.ca\\\/fr\\\/conditions\\\/#breadcrumb\"},\"inLanguage\":\"fr-FR\",\"potentialAction\":[{\"@type\":\"ReadAction\",\"target\":[\"https:\\\/\\\/partnershipjobs.ca\\\/fr\\\/conditions\\\/\"]}]},{\"@type\":\"BreadcrumbList\",\"@id\":\"https:\\\/\\\/partnershipjobs.ca\\\/fr\\\/conditions\\\/#breadcrumb\",\"itemListElement\":[{\"@type\":\"ListItem\",\"position\":1,\"name\":\"Accueil\",\"item\":\"https:\\\/\\\/partnershipjobs.ca\\\/fr\\\/\"},{\"@type\":\"ListItem\",\"position\":2,\"name\":\"Conditions\"}]},{\"@type\":\"WebSite\",\"@id\":\"https:\\\/\\\/partnershipjobs.ca\\\/fr\\\/#website\",\"url\":\"https:\\\/\\\/partnershipjobs.ca\\\/fr\\\/\",\"name\":\"The Partnership Job Board\",\"description\":\"Get A Job\",\"potentialAction\":[{\"@type\":\"SearchAction\",\"target\":{\"@type\":\"EntryPoint\",\"urlTemplate\":\"https:\\\/\\\/partnershipjobs.ca\\\/fr\\\/?s={search_term_string}\"},\"query-input\":{\"@type\":\"PropertyValueSpecification\",\"valueRequired\":true,\"valueName\":\"search_term_string\"}}],\"inLanguage\":\"fr-FR\"}]}<\/script>\n<!-- \/ Yoast SEO plugin. -->","yoast_head_json":{"title":"Conditions | The Partnership Job Board","robots":{"index":"index","follow":"follow","max-snippet":"max-snippet:-1","max-image-preview":"max-image-preview:large","max-video-preview":"max-video-preview:-1"},"canonical":"https:\/\/partnershipjobs.ca\/fr\/conditions\/","og_locale":"fr_FR","og_type":"article","og_title":"Conditions | The Partnership Job Board","og_description":"British Columbia Library Association pour le Partnership Job Board Conditions d\u2019utilisation La British Columbia Library Association (BCLA) est propri\u00e9taire et gestionnaire du Partnership Job Board. Lorsque la mention \u00ab BCLA \u00bb est utilis\u00e9e ci-dessous, elle englobe Partnership Job Board. Conditions En acc\u00e9dant \u00e0 ce site Web, vous acceptez les conditions d\u2019utilisation ainsi que toutes les [&hellip;]","og_url":"https:\/\/partnershipjobs.ca\/fr\/conditions\/","og_site_name":"The Partnership Job Board","article_modified_time":"2024-11-22T21:57:10+00:00","twitter_card":"summary_large_image","twitter_misc":{"Dur\u00e9e de lecture estim\u00e9e":"4 minutes"},"schema":{"@context":"https:\/\/schema.org","@graph":[{"@type":"WebPage","@id":"https:\/\/partnershipjobs.ca\/fr\/conditions\/","url":"https:\/\/partnershipjobs.ca\/fr\/conditions\/","name":"Conditions | The Partnership Job Board","isPartOf":{"@id":"https:\/\/partnershipjobs.ca\/fr\/#website"},"datePublished":"2024-10-04T19:57:34+00:00","dateModified":"2024-11-22T21:57:10+00:00","breadcrumb":{"@id":"https:\/\/partnershipjobs.ca\/fr\/conditions\/#breadcrumb"},"inLanguage":"fr-FR","potentialAction":[{"@type":"ReadAction","target":["https:\/\/partnershipjobs.ca\/fr\/conditions\/"]}]},{"@type":"BreadcrumbList","@id":"https:\/\/partnershipjobs.ca\/fr\/conditions\/#breadcrumb","itemListElement":[{"@type":"ListItem","position":1,"name":"Accueil","item":"https:\/\/partnershipjobs.ca\/fr\/"},{"@type":"ListItem","position":2,"name":"Conditions"}]},{"@type":"WebSite","@id":"https:\/\/partnershipjobs.ca\/fr\/#website","url":"https:\/\/partnershipjobs.ca\/fr\/","name":"The Partnership Job Board","description":"Get A Job","potentialAction":[{"@type":"SearchAction","target":{"@type":"EntryPoint","urlTemplate":"https:\/\/partnershipjobs.ca\/fr\/?s={search_term_string}"},"query-input":{"@type":"PropertyValueSpecification","valueRequired":true,"valueName":"search_term_string"}}],"inLanguage":"fr-FR"}]}},"_links":{"self":[{"href":"https:\/\/partnershipjobs.ca\/fr\/wp-json\/wp\/v2\/pages\/997","targetHints":{"allow":["GET"]}}],"collection":[{"href":"https:\/\/partnershipjobs.ca\/fr\/wp-json\/wp\/v2\/pages"}],"about":[{"href":"https:\/\/partnershipjobs.ca\/fr\/wp-json\/wp\/v2\/types\/page"}],"author":[{"embeddable":true,"href":"https:\/\/partnershipjobs.ca\/fr\/wp-json\/wp\/v2\/users\/24"}],"replies":[{"embeddable":true,"href":"https:\/\/partnershipjobs.ca\/fr\/wp-json\/wp\/v2\/comments?post=997"}],"version-history":[{"count":0,"href":"https:\/\/partnershipjobs.ca\/fr\/wp-json\/wp\/v2\/pages\/997\/revisions"}],"wp:attachment":[{"href":"https:\/\/partnershipjobs.ca\/fr\/wp-json\/wp\/v2\/media?parent=997"}],"curies":[{"name":"wp","href":"https:\/\/api.w.org\/{rel}","templated":true}]}}