{"id":1178,"date":"2024-07-25T14:51:15","date_gmt":"2024-07-25T14:51:15","guid":{"rendered":"https:\/\/partnershipjobs.ca\/pour-les-demandeurs-demploi\/"},"modified":"2025-07-24T17:40:05","modified_gmt":"2025-07-24T17:40:05","slug":"pour-les-demandeurs-demploi","status":"publish","type":"page","link":"https:\/\/partnershipjobs.ca\/fr\/pour-les-demandeurs-demploi\/","title":{"rendered":"Pour les demandeurs d\u2019emploi :"},"content":{"rendered":"<p>[et_pb_section fb_built=\u00a0\u00bb1&Prime; admin_label=\u00a0\u00bbsection\u00a0\u00bb _builder_version=\u00a0\u00bb4.25.1&Prime; background_color=\u00a0\u00bbgcid-d088fee3-21a8-4650-afdd-5c1c443d86d5&Prime; min_height=\u00a0\u00bb300px\u00a0\u00bb custom_padding=\u00a0\u00bb20px||20px||true|false\u00a0\u00bb custom_css_main_element=\u00a0\u00bbdisplay:flex;\u00a0\u00bb locked=\u00a0\u00bboff\u00a0\u00bb global_colors_info=\u00a0\u00bb{%22gcid-d088fee3-21a8-4650-afdd-5c1c443d86d5%22:%91%22background_color%22%93}\u00a0\u00bb][et_pb_row admin_label=\u00a0\u00bbrow\u00a0\u00bb _builder_version=\u00a0\u00bb4.20.4&Prime; background_size=\u00a0\u00bbinitial\u00a0\u00bb background_position=\u00a0\u00bbtop_left\u00a0\u00bb background_repeat=\u00a0\u00bbrepeat\u00a0\u00bb global_colors_info=\u00a0\u00bb{}\u00a0\u00bb][et_pb_column type=\u00a0\u00bb4_4&Prime; _builder_version=\u00a0\u00bb4.16&Prime; custom_padding=\u00a0\u00bb|||\u00a0\u00bb global_colors_info=\u00a0\u00bb{}\u00a0\u00bb custom_padding__hover=\u00a0\u00bb|||\u00a0\u00bb][et_pb_text _builder_version=\u00a0\u00bb4.25.1&Prime; _dynamic_attributes=\u00a0\u00bbcontent\u00a0\u00bb _module_preset=\u00a0\u00bbdefault\u00a0\u00bb text_text_color=\u00a0\u00bb#FFFFFF\u00a0\u00bb text_font_size=\u00a0\u00bb20px\u00a0\u00bb text_line_height=\u00a0\u00bb1.4em\u00a0\u00bb link_font=\u00a0\u00bb||||on||||\u00a0\u00bb link_text_color=\u00a0\u00bb#FFFFFF\u00a0\u00bb header_font=\u00a0\u00bb|600|||||||\u00a0\u00bb header_text_align=\u00a0\u00bbleft\u00a0\u00bb header_text_color=\u00a0\u00bb#FFFFFF\u00a0\u00bb header_font_size=\u00a0\u00bb65px\u00a0\u00bb background_size=\u00a0\u00bbinitial\u00a0\u00bb background_position=\u00a0\u00bbtop_left\u00a0\u00bb background_repeat=\u00a0\u00bbrepeat\u00a0\u00bb text_font_size_tablet=\u00a0\u00bb20px\u00a0\u00bb text_font_size_phone=\u00a0\u00bb14px\u00a0\u00bb text_font_size_last_edited=\u00a0\u00bbon|phone\u00a0\u00bb header_font_size_tablet=\u00a0\u00bb50px\u00a0\u00bb header_font_size_phone=\u00a0\u00bb30px\u00a0\u00bb header_font_size_last_edited=\u00a0\u00bbon|phone\u00a0\u00bb global_colors_info=\u00a0\u00bb{}\u00a0\u00bb]@ET-DC@eyJkeW5hbWljIjp0cnVlLCJjb250ZW50IjoicG9zdF90aXRsZSIsInNldHRpbmdzIjp7ImJlZm9yZSI6IjxoMT4iLCJhZnRlciI6IjwvaDE+In19@[\/et_pb_text][\/et_pb_column][\/et_pb_row][\/et_pb_section][et_pb_section fb_built=\u00a0\u00bb1&Prime; _builder_version=\u00a0\u00bb4.25.1&Prime; _module_preset=\u00a0\u00bbdefault\u00a0\u00bb global_colors_info=\u00a0\u00bb{}\u00a0\u00bb][et_pb_row _builder_version=\u00a0\u00bb4.25.1&Prime; _module_preset=\u00a0\u00bbdefault\u00a0\u00bb max_width=\u00a0\u00bb1080px\u00a0\u00bb global_colors_info=\u00a0\u00bb{}\u00a0\u00bb][et_pb_column type=\u00a0\u00bb4_4&Prime; _builder_version=\u00a0\u00bb4.25.1&Prime; _module_preset=\u00a0\u00bbdefault\u00a0\u00bb global_colors_info=\u00a0\u00bb{}\u00a0\u00bb][et_pb_accordion open_toggle_background_color=\u00a0\u00bb#f5f5f7&Prime; closed_toggle_background_color=\u00a0\u00bb#FFFFFF\u00a0\u00bb _builder_version=\u00a0\u00bb4.27.4&Prime; _module_preset=\u00a0\u00bbdefault\u00a0\u00bb toggle_text_color=\u00a0\u00bb#313133&Prime; toggle_level=\u00a0\u00bbh2&Prime; toggle_font=\u00a0\u00bb|&#8211;et_global_body_font_weight|||||||\u00a0\u00bb hover_enabled=\u00a0\u00bb0&Prime; custom_css_open_toggle=\u00a0\u00bbborder-left:5px solid #A70000;\u00a0\u00bb db_closeable=\u00a0\u00bbon\u00a0\u00bb db_initial_state=\u00a0\u00bball_closed\u00a0\u00bb global_colors_info=\u00a0\u00bb{}\u00a0\u00bb sticky_enabled=\u00a0\u00bb0&Prime;][et_pb_accordion_item title=\u00a0\u00bbD\u00e9marrer avec le Partnership Job Board\u00a0\u00bb open=\u00a0\u00bbon\u00a0\u00bb _builder_version=\u00a0\u00bb4.27.4&Prime; _module_preset=\u00a0\u00bbdefault\u00a0\u00bb hover_enabled=\u00a0\u00bb0&Prime; global_colors_info=\u00a0\u00bb{}\u00a0\u00bb sticky_enabled=\u00a0\u00bb0&Prime;]<\/p>\n<p>Bienvenue!<\/p>\n<p>Pour vous inscrire, rendez-vous sur la<a role=\"link\" href=\"https:\/\/partnershipjobs.ca\/fr\/\" rel=\"noopener\"><strong>\u00a0page d\u2019accueil\u00a0<\/strong><\/a>du Partnership Job Board :<\/p>\n<ol>\n<li>S\u00e9lectionnez le bouton<strong>\u00a0Inscrivez-vous ou Connexion<\/strong>\u00a0dans le coin sup\u00e9rieur droit.<\/li>\n<li>Choisissez<strong>\u00a0S\u2019inscrire en tant que<\/strong>\u00a0<strong>demandeur d\u2019emploi.<\/strong><\/li>\n<\/ol>\n<p>L\u2019inscription est gratuite.<\/p>\n<p><strong>Caract\u00e9ristiques\u00a0:<\/strong><\/p>\n<ol>\n<li>des options de recherche et de filtrage<\/li>\n<li>la possibilit\u00e9 de mettre des emplois en signet<\/li>\n<li>un tableau de bord du demandeur d\u2019emploi permettant de g\u00e9rer ses alertes courriel et ses signets<\/li>\n<li>des alertes courriel personnalisables selon des crit\u00e8res pr\u00e9cis<\/li>\n<li>la possibilit\u00e9 de recevoir des alertes quotidiennes ou hebdomadaires<\/li>\n<\/ol>\n<p>Le Partnership Job Board est gratuit pour les demandeurs d\u2019emploi.<\/p>\n<p><a role=\"link\" href=\"https:\/\/partnershipjobs.ca\/fr\/log-in-register\/\">Cr\u00e9ez votre compte\u00a0<\/a>pour commencer \u00e0 mettre en signet des postes \u00e0 pourvoir et param\u00e9trer vos alertes courriel.<\/p>\n<p>[\/et_pb_accordion_item][et_pb_accordion_item title=\u00a0\u00bbTravailler dans une biblioth\u00e8que \u00a0\u00bb _builder_version=\u00a0\u00bb4.25.1&Prime; _module_preset=\u00a0\u00bbdefault\u00a0\u00bb global_colors_info=\u00a0\u00bb{}\u00a0\u00bb open=\u00a0\u00bboff\u00a0\u00bb]<\/p>\n<p>Pour en savoir plus sur le<a href=\"https:\/\/bclaconnect.ca\/resources\/working-in-libraries\/\" target=\"_blank\" rel=\"noopener\"> travail dans les biblioth\u00e8ques<\/a>, rendez-vous sur le site Web de la BCLA (disponible en anglais seulement).<\/p>\n<p>Pour nous sugg\u00e9rer d\u2019autres ressources \u00e0 consulter, <a href=\"mailto:jobboard@bcla.bc.ca\">envoyez-nous un courriel.<\/a><\/p>\n<p>[\/et_pb_accordion_item][et_pb_accordion_item title=\u00a0\u00bbRecevez des alertes courriel des nouvelles offres d\u2019emploi\u00a0\u00bb _builder_version=\u00a0\u00bb4.25.1&Prime; _module_preset=\u00a0\u00bbdefault\u00a0\u00bb global_colors_info=\u00a0\u00bb{}\u00a0\u00bb open=\u00a0\u00bboff\u00a0\u00bb]<\/p>\n<p>Pour vous inscrire, rendez-vous sur la<a href=\"https:\/\/partnershipjobs.ca\/\"><strong> page d\u2019accueil <\/strong><\/a>du Partnership Job Board :<\/p>\n<ol>\n<li>S\u00e9lectionnez le bouton<strong> Inscrivez-vous ou Connexion<\/strong> dans le coin sup\u00e9rieur droit.<\/li>\n<li><strong>Choisissez S\u2019inscrire en tant que<\/strong> <strong>demandeur d\u2019emploi.<\/strong><\/li>\n<\/ol>\n<p><strong> <\/strong>L\u2019inscription est gratuite.<\/p>\n<p>[\/et_pb_accordion_item][\/et_pb_accordion][\/et_pb_column][\/et_pb_row][\/et_pb_section]<\/p>\n","protected":false},"excerpt":{"rendered":"<p>Bienvenue! Pour vous inscrire, rendez-vous sur la\u00a0page d\u2019accueil\u00a0du Partnership Job Board : S\u00e9lectionnez le bouton\u00a0Inscrivez-vous ou Connexion\u00a0dans le coin sup\u00e9rieur droit. Choisissez\u00a0S\u2019inscrire en tant que\u00a0demandeur d\u2019emploi. L\u2019inscription est gratuite. Caract\u00e9ristiques\u00a0: des options de recherche et de filtrage la possibilit\u00e9 de mettre des emplois en signet un tableau de bord du demandeur d\u2019emploi permettant de g\u00e9rer [&hellip;]<\/p>\n","protected":false},"author":10,"featured_media":0,"parent":0,"menu_order":0,"comment_status":"closed","ping_status":"closed","template":"","meta":{"_acf_changed":false,"_et_pb_use_builder":"on","_et_pb_old_content":"","_et_gb_content_width":"","inline_featured_image":false,"footnotes":""},"class_list":["post-1178","page","type-page","status-publish","hentry"],"acf":[],"yoast_head":"<!-- This site is optimized with the Yoast SEO plugin v27.4 - https:\/\/yoast.com\/product\/yoast-seo-wordpress\/ -->\n<title>Pour les demandeurs d\u2019emploi : | The Partnership Job Board<\/title>\n<meta name=\"robots\" content=\"index, follow, max-snippet:-1, max-image-preview:large, max-video-preview:-1\" \/>\n<link rel=\"canonical\" href=\"https:\/\/partnershipjobs.ca\/fr\/pour-les-demandeurs-demploi\/\" \/>\n<meta property=\"og:locale\" content=\"fr_FR\" \/>\n<meta property=\"og:type\" content=\"article\" \/>\n<meta property=\"og:title\" content=\"Pour les demandeurs d\u2019emploi : | The Partnership Job Board\" \/>\n<meta property=\"og:description\" content=\"Bienvenue! Pour vous inscrire, rendez-vous sur la\u00a0page d\u2019accueil\u00a0du Partnership Job Board : S\u00e9lectionnez le bouton\u00a0Inscrivez-vous ou Connexion\u00a0dans le coin sup\u00e9rieur droit. Choisissez\u00a0S\u2019inscrire en tant que\u00a0demandeur d\u2019emploi. L\u2019inscription est gratuite. Caract\u00e9ristiques\u00a0: des options de recherche et de filtrage la possibilit\u00e9 de mettre des emplois en signet un tableau de bord du demandeur d\u2019emploi permettant de g\u00e9rer [&hellip;]\" \/>\n<meta property=\"og:url\" content=\"https:\/\/partnershipjobs.ca\/fr\/pour-les-demandeurs-demploi\/\" \/>\n<meta property=\"og:site_name\" content=\"The Partnership Job Board\" \/>\n<meta property=\"article:modified_time\" content=\"2025-07-24T17:40:05+00:00\" \/>\n<meta name=\"twitter:card\" content=\"summary_large_image\" \/>\n<meta name=\"twitter:label1\" content=\"Dur\u00e9e de lecture estim\u00e9e\" \/>\n\t<meta name=\"twitter:data1\" content=\"1 minute\" \/>\n<script type=\"application\/ld+json\" class=\"yoast-schema-graph\">{\"@context\":\"https:\\\/\\\/schema.org\",\"@graph\":[{\"@type\":\"WebPage\",\"@id\":\"https:\\\/\\\/partnershipjobs.ca\\\/fr\\\/pour-les-demandeurs-demploi\\\/\",\"url\":\"https:\\\/\\\/partnershipjobs.ca\\\/fr\\\/pour-les-demandeurs-demploi\\\/\",\"name\":\"Pour les demandeurs d\u2019emploi : | The Partnership Job Board\",\"isPartOf\":{\"@id\":\"https:\\\/\\\/partnershipjobs.ca\\\/fr\\\/#website\"},\"datePublished\":\"2024-07-25T14:51:15+00:00\",\"dateModified\":\"2025-07-24T17:40:05+00:00\",\"breadcrumb\":{\"@id\":\"https:\\\/\\\/partnershipjobs.ca\\\/fr\\\/pour-les-demandeurs-demploi\\\/#breadcrumb\"},\"inLanguage\":\"fr-FR\",\"potentialAction\":[{\"@type\":\"ReadAction\",\"target\":[\"https:\\\/\\\/partnershipjobs.ca\\\/fr\\\/pour-les-demandeurs-demploi\\\/\"]}]},{\"@type\":\"BreadcrumbList\",\"@id\":\"https:\\\/\\\/partnershipjobs.ca\\\/fr\\\/pour-les-demandeurs-demploi\\\/#breadcrumb\",\"itemListElement\":[{\"@type\":\"ListItem\",\"position\":1,\"name\":\"Accueil\",\"item\":\"https:\\\/\\\/partnershipjobs.ca\\\/fr\\\/\"},{\"@type\":\"ListItem\",\"position\":2,\"name\":\"Pour les demandeurs d\u2019emploi :\"}]},{\"@type\":\"WebSite\",\"@id\":\"https:\\\/\\\/partnershipjobs.ca\\\/fr\\\/#website\",\"url\":\"https:\\\/\\\/partnershipjobs.ca\\\/fr\\\/\",\"name\":\"The Partnership Job Board\",\"description\":\"Get A Job\",\"potentialAction\":[{\"@type\":\"SearchAction\",\"target\":{\"@type\":\"EntryPoint\",\"urlTemplate\":\"https:\\\/\\\/partnershipjobs.ca\\\/fr\\\/?s={search_term_string}\"},\"query-input\":{\"@type\":\"PropertyValueSpecification\",\"valueRequired\":true,\"valueName\":\"search_term_string\"}}],\"inLanguage\":\"fr-FR\"}]}<\/script>\n<!-- \/ Yoast SEO plugin. -->","yoast_head_json":{"title":"Pour les demandeurs d\u2019emploi : | The Partnership Job Board","robots":{"index":"index","follow":"follow","max-snippet":"max-snippet:-1","max-image-preview":"max-image-preview:large","max-video-preview":"max-video-preview:-1"},"canonical":"https:\/\/partnershipjobs.ca\/fr\/pour-les-demandeurs-demploi\/","og_locale":"fr_FR","og_type":"article","og_title":"Pour les demandeurs d\u2019emploi : | The Partnership Job Board","og_description":"Bienvenue! Pour vous inscrire, rendez-vous sur la\u00a0page d\u2019accueil\u00a0du Partnership Job Board : S\u00e9lectionnez le bouton\u00a0Inscrivez-vous ou Connexion\u00a0dans le coin sup\u00e9rieur droit. Choisissez\u00a0S\u2019inscrire en tant que\u00a0demandeur d\u2019emploi. L\u2019inscription est gratuite. Caract\u00e9ristiques\u00a0: des options de recherche et de filtrage la possibilit\u00e9 de mettre des emplois en signet un tableau de bord du demandeur d\u2019emploi permettant de g\u00e9rer [&hellip;]","og_url":"https:\/\/partnershipjobs.ca\/fr\/pour-les-demandeurs-demploi\/","og_site_name":"The Partnership Job Board","article_modified_time":"2025-07-24T17:40:05+00:00","twitter_card":"summary_large_image","twitter_misc":{"Dur\u00e9e de lecture estim\u00e9e":"1 minute"},"schema":{"@context":"https:\/\/schema.org","@graph":[{"@type":"WebPage","@id":"https:\/\/partnershipjobs.ca\/fr\/pour-les-demandeurs-demploi\/","url":"https:\/\/partnershipjobs.ca\/fr\/pour-les-demandeurs-demploi\/","name":"Pour les demandeurs d\u2019emploi : | The Partnership Job Board","isPartOf":{"@id":"https:\/\/partnershipjobs.ca\/fr\/#website"},"datePublished":"2024-07-25T14:51:15+00:00","dateModified":"2025-07-24T17:40:05+00:00","breadcrumb":{"@id":"https:\/\/partnershipjobs.ca\/fr\/pour-les-demandeurs-demploi\/#breadcrumb"},"inLanguage":"fr-FR","potentialAction":[{"@type":"ReadAction","target":["https:\/\/partnershipjobs.ca\/fr\/pour-les-demandeurs-demploi\/"]}]},{"@type":"BreadcrumbList","@id":"https:\/\/partnershipjobs.ca\/fr\/pour-les-demandeurs-demploi\/#breadcrumb","itemListElement":[{"@type":"ListItem","position":1,"name":"Accueil","item":"https:\/\/partnershipjobs.ca\/fr\/"},{"@type":"ListItem","position":2,"name":"Pour les demandeurs d\u2019emploi :"}]},{"@type":"WebSite","@id":"https:\/\/partnershipjobs.ca\/fr\/#website","url":"https:\/\/partnershipjobs.ca\/fr\/","name":"The Partnership Job Board","description":"Get A Job","potentialAction":[{"@type":"SearchAction","target":{"@type":"EntryPoint","urlTemplate":"https:\/\/partnershipjobs.ca\/fr\/?s={search_term_string}"},"query-input":{"@type":"PropertyValueSpecification","valueRequired":true,"valueName":"search_term_string"}}],"inLanguage":"fr-FR"}]}},"_links":{"self":[{"href":"https:\/\/partnershipjobs.ca\/fr\/wp-json\/wp\/v2\/pages\/1178","targetHints":{"allow":["GET"]}}],"collection":[{"href":"https:\/\/partnershipjobs.ca\/fr\/wp-json\/wp\/v2\/pages"}],"about":[{"href":"https:\/\/partnershipjobs.ca\/fr\/wp-json\/wp\/v2\/types\/page"}],"author":[{"embeddable":true,"href":"https:\/\/partnershipjobs.ca\/fr\/wp-json\/wp\/v2\/users\/10"}],"replies":[{"embeddable":true,"href":"https:\/\/partnershipjobs.ca\/fr\/wp-json\/wp\/v2\/comments?post=1178"}],"version-history":[{"count":0,"href":"https:\/\/partnershipjobs.ca\/fr\/wp-json\/wp\/v2\/pages\/1178\/revisions"}],"wp:attachment":[{"href":"https:\/\/partnershipjobs.ca\/fr\/wp-json\/wp\/v2\/media?parent=1178"}],"curies":[{"name":"wp","href":"https:\/\/api.w.org\/{rel}","templated":true}]}}