{"id":1133,"date":"2024-07-30T13:45:26","date_gmt":"2024-07-30T13:45:26","guid":{"rendered":"https:\/\/partnershipjobs.ca\/pricing\/"},"modified":"2026-01-21T22:04:53","modified_gmt":"2026-01-21T22:04:53","slug":"tarifs","status":"publish","type":"page","link":"https:\/\/partnershipjobs.ca\/fr\/tarifs\/","title":{"rendered":"Tarifs"},"content":{"rendered":"<p>[et_pb_section fb_built=\u00a0\u00bb1&Prime; admin_label=\u00a0\u00bbsection\u00a0\u00bb _builder_version=\u00a0\u00bb4.25.1&Prime; background_color=\u00a0\u00bbgcid-d088fee3-21a8-4650-afdd-5c1c443d86d5&Prime; min_height=\u00a0\u00bb300px\u00a0\u00bb custom_padding=\u00a0\u00bb20px||20px||true|false\u00a0\u00bb custom_css_main_element=\u00a0\u00bbdisplay:flex;\u00a0\u00bb locked=\u00a0\u00bboff\u00a0\u00bb global_colors_info=\u00a0\u00bb{%22gcid-d088fee3-21a8-4650-afdd-5c1c443d86d5%22:%91%22background_color%22%93}\u00a0\u00bb][et_pb_row column_structure=\u00a0\u00bb3_5,2_5&Prime; admin_label=\u00a0\u00bbrow\u00a0\u00bb _builder_version=\u00a0\u00bb4.25.1&Prime; background_size=\u00a0\u00bbinitial\u00a0\u00bb background_position=\u00a0\u00bbtop_left\u00a0\u00bb background_repeat=\u00a0\u00bbrepeat\u00a0\u00bb global_colors_info=\u00a0\u00bb{}\u00a0\u00bb][et_pb_column type=\u00a0\u00bb3_5&Prime; _builder_version=\u00a0\u00bb4.16&Prime; custom_padding=\u00a0\u00bb|||\u00a0\u00bb global_colors_info=\u00a0\u00bb{}\u00a0\u00bb custom_padding__hover=\u00a0\u00bb|||\u00a0\u00bb][et_pb_heading title=\u00a0\u00bb@ET-DC@eyJkeW5hbWljIjp0cnVlLCJjb250ZW50IjoicG9zdF90aXRsZSIsInNldHRpbmdzIjp7ImJlZm9yZSI6IiIsImFmdGVyIjoiIn19@\u00a0\u00bb admin_label=\u00a0\u00bbHeading\u00a0\u00bb _builder_version=\u00a0\u00bb4.27.4&Prime; _dynamic_attributes=\u00a0\u00bbtitle\u00a0\u00bb _module_preset=\u00a0\u00bbdefault\u00a0\u00bb title_text_color=\u00a0\u00bb#FFFFFF\u00a0\u00bb title_font_size=\u00a0\u00bb70px\u00a0\u00bb custom_margin=\u00a0\u00bb||19px|||\u00a0\u00bb title_font_size_tablet=\u00a0\u00bb50px\u00a0\u00bb title_font_size_phone=\u00a0\u00bb40px\u00a0\u00bb title_font_size_last_edited=\u00a0\u00bbon|phone\u00a0\u00bb global_colors_info=\u00a0\u00bb{}\u00a0\u00bb][\/et_pb_heading][\/et_pb_column][et_pb_column type=\u00a0\u00bb2_5&Prime; _builder_version=\u00a0\u00bb4.16&Prime; custom_padding=\u00a0\u00bb|||\u00a0\u00bb global_colors_info=\u00a0\u00bb{}\u00a0\u00bb custom_padding__hover=\u00a0\u00bb|||\u00a0\u00bb][\/et_pb_column][\/et_pb_row][\/et_pb_section][et_pb_section fb_built=\u00a0\u00bb1&Prime; _builder_version=\u00a0\u00bb4.25.1&Prime; _module_preset=\u00a0\u00bbdefault\u00a0\u00bb global_colors_info=\u00a0\u00bb{}\u00a0\u00bb][et_pb_row _builder_version=\u00a0\u00bb4.25.1&Prime; _module_preset=\u00a0\u00bbdefault\u00a0\u00bb max_width=\u00a0\u00bb1080px\u00a0\u00bb global_colors_info=\u00a0\u00bb{}\u00a0\u00bb][et_pb_column type=\u00a0\u00bb4_4&Prime; _builder_version=\u00a0\u00bb4.25.1&Prime; _module_preset=\u00a0\u00bbdefault\u00a0\u00bb global_colors_info=\u00a0\u00bb{}\u00a0\u00bb][et_pb_text _builder_version=\u00a0\u00bb4.27.4&Prime; _module_preset=\u00a0\u00bbdefault\u00a0\u00bb text_line_height=\u00a0\u00bb1.5em\u00a0\u00bb link_font=\u00a0\u00bb||||on||||\u00a0\u00bb global_colors_info=\u00a0\u00bb{}\u00a0\u00bb]<\/p>\n<p>Le Partnership Job Board est gratuit pour les demandeurs d\u2019emploi et payant pour les employeurs. Il applique un mod\u00e8le de partage des recettes qui offre un soutien financier important aux associations de biblioth\u00e8ques provinciales et territoriales.<\/p>\n<p>Vous pouvez publier n\u2019importe quelle offre d\u2019emploi li\u00e9e aux biblioth\u00e8ques ou aux archives. Si votre \u00e9tablissement est membre de l\u2019une des <a href=\"https:\/\/thepartnership.ca\/\" target=\"_blank\" rel=\"noopener\">associations du Partnership<\/a>, vous pouvez b\u00e9n\u00e9ficier d\u2019un tarif pr\u00e9f\u00e9rentiel.<\/p>\n<p>[\/et_pb_text][et_pb_text admin_label=\u00a0\u00bbText-table\u00a0\u00bb module_class=\u00a0\u00bbtable\u00a0\u00bb _builder_version=\u00a0\u00bb4.25.1&Prime; _module_preset=\u00a0\u00bbdefault\u00a0\u00bb global_colors_info=\u00a0\u00bb{}\u00a0\u00bb]<\/p>\n<table style=\"border-collapse: collapse; width: 100%;\" border=\"1\">\n<tbody>\n<tr>\n<td style=\"width: 25%;\">Cat\u00e9gorie<\/td>\n<td style=\"width: 25%;\">Jusqu\u2019\u00e0 30 jours<\/td>\n<td style=\"width: 25%;\">Jusqu\u2019\u00e0 60 jours<\/td>\n<td style=\"width: 25%;\">Jusqu\u2019\u00e0 90 jours<\/td>\n<\/tr>\n<tr>\n<td style=\"width: 25%;\">Tarif normal<\/td>\n<td style=\"width: 25%;\">102 $ <\/td>\n<td style=\"width: 25%;\">122 $<\/td>\n<td style=\"width: 25%;\">133 $ <\/td>\n<\/tr>\n<tr>\n<td style=\"width: 25%;\">Tarif de membre<\/td>\n<td style=\"width: 25%;\">66 $<\/td>\n<td style=\"width: 25%;\">79 $<\/td>\n<td style=\"width: 25%;\">86 $<\/td>\n<\/tr>\n<\/tbody>\n<\/table>\n<p>[\/et_pb_text][et_pb_text admin_label=\u00a0\u00bbText-check membership\u00a0\u00bb _builder_version=\u00a0\u00bb4.27.4&Prime; _module_preset=\u00a0\u00bbdefault\u00a0\u00bb text_font=\u00a0\u00bb||||||||\u00a0\u00bb link_font=\u00a0\u00bb||||on||||\u00a0\u00bb global_colors_info=\u00a0\u00bb{}\u00a0\u00bb]<\/p>\n<p>Vous ne savez pas si l\u2019adh\u00e9sion de votre \u00e9tablissement est \u00e0 jour? V\u00e9rifiez aupr\u00e8s de votre <a href=\"https:\/\/thepartnership.ca\/\" target=\"_blank\" rel=\"noopener\">association de biblioth\u00e8ques<\/a> provinciale ou territoriale.<\/p>\n<p>[\/et_pb_text][\/et_pb_column][\/et_pb_row][et_pb_row _builder_version=\u00a0\u00bb4.25.1&Prime; _module_preset=\u00a0\u00bbdefault\u00a0\u00bb max_width=\u00a0\u00bb1080px\u00a0\u00bb custom_padding=\u00a0\u00bb||0px|||\u00a0\u00bb global_colors_info=\u00a0\u00bb{}\u00a0\u00bb][et_pb_column type=\u00a0\u00bb4_4&Prime; _builder_version=\u00a0\u00bb4.25.1&Prime; _module_preset=\u00a0\u00bbdefault\u00a0\u00bb global_colors_info=\u00a0\u00bb{}\u00a0\u00bb][et_pb_heading title=\u00a0\u00bbFoire aux questions \u00a0\u00bb admin_label=\u00a0\u00bbFrequently Asked Questions \u00a0\u00bb _builder_version=\u00a0\u00bb4.25.1&Prime; _module_preset=\u00a0\u00bbdefault\u00a0\u00bb title_level=\u00a0\u00bbh2&Prime; title_font_size=\u00a0\u00bb40px\u00a0\u00bb max_width=\u00a0\u00bb1080px\u00a0\u00bb custom_margin=\u00a0\u00bb||-1px|||\u00a0\u00bb global_colors_info=\u00a0\u00bb{}\u00a0\u00bb][\/et_pb_heading][et_pb_divider _builder_version=\u00a0\u00bb4.25.1&Prime; _module_preset=\u00a0\u00bbdefault\u00a0\u00bb global_colors_info=\u00a0\u00bb{}\u00a0\u00bb][\/et_pb_divider][\/et_pb_column][\/et_pb_row][et_pb_row _builder_version=\u00a0\u00bb4.25.1&Prime; _module_preset=\u00a0\u00bbdefault\u00a0\u00bb max_width=\u00a0\u00bb1080px\u00a0\u00bb custom_padding=\u00a0\u00bb||||false|false\u00a0\u00bb locked=\u00a0\u00bboff\u00a0\u00bb global_colors_info=\u00a0\u00bb{}\u00a0\u00bb][et_pb_column type=\u00a0\u00bb4_4&Prime; _builder_version=\u00a0\u00bb4.25.1&Prime; _module_preset=\u00a0\u00bbdefault\u00a0\u00bb global_colors_info=\u00a0\u00bb{}\u00a0\u00bb][et_pb_text admin_label=\u00a0\u00bbText &#8211; Fees\u00a0\u00bb _builder_version=\u00a0\u00bb4.25.1&Prime; _module_preset=\u00a0\u00bbdefault\u00a0\u00bb header_2_font=\u00a0\u00bb|600|||||||\u00a0\u00bb header_2_font_size=\u00a0\u00bb30px\u00a0\u00bb global_colors_info=\u00a0\u00bb{}\u00a0\u00bb]<\/p>\n<h2>Droits<\/h2>\n<p>[\/et_pb_text][et_pb_accordion open_toggle_background_color=\u00a0\u00bb#f5f5f7&Prime; closed_toggle_background_color=\u00a0\u00bb#FFFFFF\u00a0\u00bb _builder_version=\u00a0\u00bb4.27.4&Prime; _module_preset=\u00a0\u00bbdefault\u00a0\u00bb toggle_text_color=\u00a0\u00bb#313133&Prime; toggle_level=\u00a0\u00bbh3&Prime; toggle_font=\u00a0\u00bb|&#8211;et_global_body_font_weight|||||||\u00a0\u00bb custom_css_open_toggle=\u00a0\u00bbborder-left:5px solid #A70000;\u00a0\u00bb db_closeable=\u00a0\u00bbon\u00a0\u00bb db_initial_state=\u00a0\u00bball_closed\u00a0\u00bb global_colors_info=\u00a0\u00bb{}\u00a0\u00bb][et_pb_accordion_item title=\u00a0\u00bbMon organisation est-elle admissible au tarif de membre?\u00a0\u00bb open=\u00a0\u00bbon\u00a0\u00bb _builder_version=\u00a0\u00bb4.27.4&Prime; _module_preset=\u00a0\u00bbdefault\u00a0\u00bb global_colors_info=\u00a0\u00bb{}\u00a0\u00bb]<\/p>\n<p>Si votre organisation est membre de l\u2019une des associations du r\u00e9seau national canadien d\u2019associations de biblioth\u00e8ques provinciales et territoriales li\u00e9es<a href=\"https:\/\/thepartnership.ca\/\" target=\"_blank\" rel=\"noopener\"> au Partnership<\/a>, alors oui, elle est admissible.<\/p>\n<p>[\/et_pb_accordion_item][et_pb_accordion_item title=\u00a0\u00bbPuis-je utiliser mon adh\u00e9sion personnelle ou individuelle pour b\u00e9n\u00e9ficier du tarif de membre?\u00a0\u00bb _builder_version=\u00a0\u00bb4.27.4&Prime; _module_preset=\u00a0\u00bbdefault\u00a0\u00bb global_colors_info=\u00a0\u00bb{}\u00a0\u00bb open=\u00a0\u00bboff\u00a0\u00bb]<\/p>\n<p>Non. Le tarif pr\u00e9f\u00e9rentiel de membre n\u2019est propos\u00e9 qu\u2019aux organisations ayant une adh\u00e9sion institutionnelle en cours \u00e0 l\u2019une des associations du r\u00e9seau national canadien d\u2019associations de biblioth\u00e8ques provinciales et territoriales li\u00e9es <a href=\"https:\/\/thepartnership.ca\/\" target=\"_blank\" rel=\"noopener\">au Partnership<\/a>.<\/p>\n<div id=\"awebChromeHelper\" data-version=\"1.24.0\">\u00a0<\/div>\n<p>[\/et_pb_accordion_item][et_pb_accordion_item title=\u00a0\u00bbPuis-je afficher un poste de b\u00e9n\u00e9vole \u00e0 pourvoir?\u00a0\u00bb _builder_version=\u00a0\u00bb4.25.1&Prime; _module_preset=\u00a0\u00bbdefault\u00a0\u00bb global_colors_info=\u00a0\u00bb{}\u00a0\u00bb open=\u00a0\u00bboff\u00a0\u00bb]<\/p>\n<p>Oui. Dans le tableau de bord de l\u2019employeur, s\u00e9lectionnez Publier une offre d\u2019emploi. Dans le champ R\u00e9mun\u00e9ration , saisissez \u00ab Poste de b\u00e9n\u00e9vole \u00bb et sous Type d\u2019emploi, s\u00e9lectionnez \u00ab B\u00e9n\u00e9vole \u00bb.   <\/p>\n<p>[\/et_pb_accordion_item][et_pb_accordion_item title=\u00a0\u00bbQuel forfait d\u2019affichage de poste dois-je acheter? \u00a0\u00bb _builder_version=\u00a0\u00bb4.25.1&Prime; _module_preset=\u00a0\u00bbdefault\u00a0\u00bb global_colors_info=\u00a0\u00bb{}\u00a0\u00bb open=\u00a0\u00bboff\u00a0\u00bb]Vous avez le choix entre des p\u00e9riodes d\u2019affichage de poste de 30, 60 ou 90 jours. Votre annonce est active pendant 30, 60 ou 90 jours \u00e0 compter de la date d\u2019ouverture de l&rsquo;offre d&#8217;emploi. En fonction de votre achat, elle expirera 30, 60 ou 90 jours apr\u00e8s cette date. Votre offre d\u2019emploi est <strong>visible<\/strong> de la date d\u2019ouverture de l\u2019offre jusqu\u2019\u00e0 la date de cl\u00f4ture que vous avez s\u00e9lectionn\u00e9e.    <\/p>\n<ul>\n<li>La date d\u2019ouverture de l&rsquo;offre d&#8217;emploi ne peut pas \u00eatre modifi\u00e9e.<\/li>\n<li>La date de cl\u00f4ture peut \u00eatre modifi\u00e9e en tout temps et aussi souvent que n\u00e9cessaire, pourvu que les dates modifi\u00e9es soient comprises dans la p\u00e9riode active d\u2019affichage.<\/li>\n<li>Vous pouvez \u00e9galement d\u00e9sactiver votre annonce en tout temps pendant la p\u00e9riode active d\u2019affichage en s\u00e9lectionnant l\u2019option \u00ab Marquer comme pourvu \u00bb dans le tableau de bord de l\u2019employeur (G\u00e9rer les affichages&gt;Affichages).<\/li>\n<\/ul>\n<table class=\"table-accord\" border=\"1\" cellpadding=\"10\" cellspacing=\"0\">\n<thead>\n<tr>\n<th>Achat<\/th>\n<th>P\u00e9riode active <\/th>\n<th>Visibilit\u00e9 <\/th>\n<th>Cl\u00f4ture<\/th>\n<\/tr>\n<\/thead>\n<tbody>\n<tr>\n<td>Affichage pendant 30 jours<\/td>\n<td>30 jours \u00e0 partir de la date d\u2019ouverture<\/td>\n<td>Jusqu\u2019\u00e0 30 jours apr\u00e8s la date d\u2019ouverture<\/td>\n<td>30 jours apr\u00e8s la date d\u2019ouverture<\/td>\n<\/tr>\n<tr>\n<td>Affichage pendant 60 jours<\/td>\n<td>60 jours \u00e0 partir de la date d\u2019ouverture<\/td>\n<td>Jusqu\u2019\u00e0 60 jours apr\u00e8s la date d\u2019ouverture<\/td>\n<td>60 jours apr\u00e8s la date d\u2019ouverture<\/td>\n<\/tr>\n<tr>\n<td>Affichage pendant 90 jours<\/td>\n<td>90 jours \u00e0 partir de la date d\u2019ouverture<\/td>\n<td>Jusqu\u2019\u00e0 90 jours apr\u00e8s la date d\u2019ouverture<\/td>\n<td>90 jours apr\u00e8s la date d\u2019ouverture<\/td>\n<\/tr>\n<\/tbody>\n<\/table>\n<h4>Exemple :<\/h4>\n<p> Vous achetez un affichage de poste de 30 jours le 25 juillet et choisissez le 1er ao\u00fbt comme date d\u2019ouverture et le 15 ao\u00fbt comme date de cl\u00f4ture. <\/p>\n<ul>\n<li>Votre annonce est active pendant 30 jours, du 1er au 30 ao\u00fbt, et prend fin le 30 ao\u00fbt.<\/li>\n<li>Votre annonce peut \u00eatre consult\u00e9e par les demandeurs d\u2019emploi du 1er au 15 ao\u00fbt.<\/li>\n<li>Vous pouvez ajuster la date de cl\u00f4ture pour que votre annonce soit visible jusqu\u2019au 30 ao\u00fbt.<\/li>\n<li>Vous ne pouvez pas prolonger la p\u00e9riode de visibilit\u00e9 au-del\u00e0 du 30 ao\u00fbt.<\/li>\n<\/ul>\n<p>[\/et_pb_accordion_item][et_pb_accordion_item title=\u00a0\u00bbY a-t-il des frais suppl\u00e9mentaires pour repousser la date de cl\u00f4ture?\u00a0\u00bb _builder_version=\u00a0\u00bb4.25.1&Prime; _module_preset=\u00a0\u00bbdefault\u00a0\u00bb global_colors_info=\u00a0\u00bb{}\u00a0\u00bb open=\u00a0\u00bboff\u00a0\u00bb]<\/p>\n<p>Le report de la date de cl\u00f4ture est gratuit tant que cette date se situe dans la p\u00e9riode active achet\u00e9e.<\/p>\n<p>Si vous souhaitez repousser la date de cl\u00f4ture au-del\u00e0 de la p\u00e9riode active achet\u00e9e \u00e0 l\u2019origine (30, 60 ou 90 jours), vous devez acheter un nouvel affichage de poste. <\/p>\n<p>[\/et_pb_accordion_item][\/et_pb_accordion][\/et_pb_column][\/et_pb_row][et_pb_row _builder_version=\u00a0\u00bb4.25.1&Prime; _module_preset=\u00a0\u00bbdefault\u00a0\u00bb max_width=\u00a0\u00bb1080px\u00a0\u00bb custom_padding=\u00a0\u00bb||||false|false\u00a0\u00bb locked=\u00a0\u00bboff\u00a0\u00bb global_colors_info=\u00a0\u00bb{}\u00a0\u00bb][et_pb_column type=\u00a0\u00bb4_4&Prime; _builder_version=\u00a0\u00bb4.25.1&Prime; _module_preset=\u00a0\u00bbdefault\u00a0\u00bb global_colors_info=\u00a0\u00bb{}\u00a0\u00bb][et_pb_text admin_label=\u00a0\u00bbText &#8211; Payments\u00a0\u00bb _builder_version=\u00a0\u00bb4.25.1&Prime; _module_preset=\u00a0\u00bbdefault\u00a0\u00bb header_2_font=\u00a0\u00bb|600|||||||\u00a0\u00bb header_2_font_size=\u00a0\u00bb30px\u00a0\u00bb global_colors_info=\u00a0\u00bb{}\u00a0\u00bb]<\/p>\n<h2>Paiement<\/h2>\n<p>[\/et_pb_text][et_pb_accordion open_toggle_background_color=\u00a0\u00bb#f5f5f7&Prime; closed_toggle_background_color=\u00a0\u00bb#FFFFFF\u00a0\u00bb _builder_version=\u00a0\u00bb4.27.5&Prime; _module_preset=\u00a0\u00bbdefault\u00a0\u00bb toggle_text_color=\u00a0\u00bb#313133&Prime; toggle_level=\u00a0\u00bbh3&Prime; toggle_font=\u00a0\u00bb|&#8211;et_global_body_font_weight|||||||\u00a0\u00bb hover_enabled=\u00a0\u00bb0&Prime; custom_css_open_toggle=\u00a0\u00bbborder-left:5px solid #A70000;\u00a0\u00bb db_closeable=\u00a0\u00bbon\u00a0\u00bb db_initial_state=\u00a0\u00bball_closed\u00a0\u00bb global_colors_info=\u00a0\u00bb{}\u00a0\u00bb sticky_enabled=\u00a0\u00bb0&Prime;][et_pb_accordion_item title=\u00a0\u00bbQuels modes de paiement acceptez-vous?\u00a0\u00bb open=\u00a0\u00bbon\u00a0\u00bb _builder_version=\u00a0\u00bb4.27.4&Prime; _module_preset=\u00a0\u00bbdefault\u00a0\u00bb global_colors_info=\u00a0\u00bb{}\u00a0\u00bb]<\/p>\n<p>Le Partnership Job Board accepte VISA, Mastercard, Discover et Amex.<\/p>\n<p>Un lien menant \u00e0 votre re\u00e7u \/ facture est transmis \u00e0 l\u2019adresse de courriel associ\u00e9e \u00e0 l\u2019identifiant utilis\u00e9 pour acheter l\u2019affichage de poste. Pour \u00eatre certain de recevoir ce re\u00e7u, veuillez ajouter jobboard@bcla.bc.ca \u00e0 votre liste de contacts ou d\u2019exp\u00e9diteurs autoris\u00e9s.<\/p>\n<p>Vous pouvez acc\u00e9der \u00e0 votre\u00a0facture \/ re\u00e7u en tout temps dans votre\u00a0<a href=\"https:\/\/partnershipjobs.ca\/fr\/log-in-register\/\"><strong>Tableau de bord de l\u2019employeur<\/strong><\/a><strong>.<\/strong><\/p>\n<p>[\/et_pb_accordion_item][et_pb_accordion_item title=\u00a0\u00bbPercevez-vous la TPS\/TVH?\u00a0\u00bb _builder_version=\u00a0\u00bb4.25.1&Prime; _module_preset=\u00a0\u00bbdefault\u00a0\u00bb global_colors_info=\u00a0\u00bb{}\u00a0\u00bb open=\u00a0\u00bboff\u00a0\u00bb]<\/p>\n<p>Non. Nous ne percevons ni la TPS ni la TVH. <\/p>\n<p>[\/et_pb_accordion_item][\/et_pb_accordion][\/et_pb_column][\/et_pb_row][\/et_pb_section]<\/p>\n","protected":false},"excerpt":{"rendered":"<p>Le Partnership Job Board est gratuit pour les demandeurs d\u2019emploi et payant pour les employeurs. Il applique un mod\u00e8le de partage des recettes qui offre un soutien financier important aux associations de biblioth\u00e8ques provinciales et territoriales. Vous pouvez publier n\u2019importe quelle offre d\u2019emploi li\u00e9e aux biblioth\u00e8ques ou aux archives. Si votre \u00e9tablissement est membre de [&hellip;]<\/p>\n","protected":false},"author":10,"featured_media":0,"parent":0,"menu_order":0,"comment_status":"closed","ping_status":"closed","template":"","meta":{"_acf_changed":false,"_et_pb_use_builder":"on","_et_pb_old_content":"","_et_gb_content_width":"","inline_featured_image":false,"footnotes":""},"class_list":["post-1133","page","type-page","status-publish","hentry"],"acf":[],"yoast_head":"<!-- This site is optimized with the Yoast SEO plugin v27.4 - https:\/\/yoast.com\/product\/yoast-seo-wordpress\/ -->\n<title>Tarifs | The Partnership Job Board<\/title>\n<meta name=\"robots\" content=\"index, follow, max-snippet:-1, max-image-preview:large, max-video-preview:-1\" \/>\n<link rel=\"canonical\" href=\"https:\/\/partnershipjobs.ca\/fr\/tarifs\/\" \/>\n<meta property=\"og:locale\" content=\"fr_FR\" \/>\n<meta property=\"og:type\" content=\"article\" \/>\n<meta property=\"og:title\" content=\"Tarifs | The Partnership Job Board\" \/>\n<meta property=\"og:description\" content=\"Le Partnership Job Board est gratuit pour les demandeurs d\u2019emploi et payant pour les employeurs. Il applique un mod\u00e8le de partage des recettes qui offre un soutien financier important aux associations de biblioth\u00e8ques provinciales et territoriales. Vous pouvez publier n\u2019importe quelle offre d\u2019emploi li\u00e9e aux biblioth\u00e8ques ou aux archives. Si votre \u00e9tablissement est membre de [&hellip;]\" \/>\n<meta property=\"og:url\" content=\"https:\/\/partnershipjobs.ca\/fr\/tarifs\/\" \/>\n<meta property=\"og:site_name\" content=\"The Partnership Job Board\" \/>\n<meta property=\"article:modified_time\" content=\"2026-01-21T22:04:53+00:00\" \/>\n<meta name=\"twitter:card\" content=\"summary_large_image\" \/>\n<meta name=\"twitter:label1\" content=\"Dur\u00e9e de lecture estim\u00e9e\" \/>\n\t<meta name=\"twitter:data1\" content=\"4 minutes\" \/>\n<script type=\"application\/ld+json\" class=\"yoast-schema-graph\">{\"@context\":\"https:\\\/\\\/schema.org\",\"@graph\":[{\"@type\":\"WebPage\",\"@id\":\"https:\\\/\\\/partnershipjobs.ca\\\/fr\\\/tarifs\\\/\",\"url\":\"https:\\\/\\\/partnershipjobs.ca\\\/fr\\\/tarifs\\\/\",\"name\":\"Tarifs | The Partnership Job Board\",\"isPartOf\":{\"@id\":\"https:\\\/\\\/partnershipjobs.ca\\\/fr\\\/#website\"},\"datePublished\":\"2024-07-30T13:45:26+00:00\",\"dateModified\":\"2026-01-21T22:04:53+00:00\",\"breadcrumb\":{\"@id\":\"https:\\\/\\\/partnershipjobs.ca\\\/fr\\\/tarifs\\\/#breadcrumb\"},\"inLanguage\":\"fr-FR\",\"potentialAction\":[{\"@type\":\"ReadAction\",\"target\":[\"https:\\\/\\\/partnershipjobs.ca\\\/fr\\\/tarifs\\\/\"]}]},{\"@type\":\"BreadcrumbList\",\"@id\":\"https:\\\/\\\/partnershipjobs.ca\\\/fr\\\/tarifs\\\/#breadcrumb\",\"itemListElement\":[{\"@type\":\"ListItem\",\"position\":1,\"name\":\"Accueil\",\"item\":\"https:\\\/\\\/partnershipjobs.ca\\\/fr\\\/\"},{\"@type\":\"ListItem\",\"position\":2,\"name\":\"Tarifs\"}]},{\"@type\":\"WebSite\",\"@id\":\"https:\\\/\\\/partnershipjobs.ca\\\/fr\\\/#website\",\"url\":\"https:\\\/\\\/partnershipjobs.ca\\\/fr\\\/\",\"name\":\"The Partnership Job Board\",\"description\":\"Get A Job\",\"potentialAction\":[{\"@type\":\"SearchAction\",\"target\":{\"@type\":\"EntryPoint\",\"urlTemplate\":\"https:\\\/\\\/partnershipjobs.ca\\\/fr\\\/?s={search_term_string}\"},\"query-input\":{\"@type\":\"PropertyValueSpecification\",\"valueRequired\":true,\"valueName\":\"search_term_string\"}}],\"inLanguage\":\"fr-FR\"}]}<\/script>\n<!-- \/ Yoast SEO plugin. -->","yoast_head_json":{"title":"Tarifs | The Partnership Job Board","robots":{"index":"index","follow":"follow","max-snippet":"max-snippet:-1","max-image-preview":"max-image-preview:large","max-video-preview":"max-video-preview:-1"},"canonical":"https:\/\/partnershipjobs.ca\/fr\/tarifs\/","og_locale":"fr_FR","og_type":"article","og_title":"Tarifs | The Partnership Job Board","og_description":"Le Partnership Job Board est gratuit pour les demandeurs d\u2019emploi et payant pour les employeurs. Il applique un mod\u00e8le de partage des recettes qui offre un soutien financier important aux associations de biblioth\u00e8ques provinciales et territoriales. Vous pouvez publier n\u2019importe quelle offre d\u2019emploi li\u00e9e aux biblioth\u00e8ques ou aux archives. Si votre \u00e9tablissement est membre de [&hellip;]","og_url":"https:\/\/partnershipjobs.ca\/fr\/tarifs\/","og_site_name":"The Partnership Job Board","article_modified_time":"2026-01-21T22:04:53+00:00","twitter_card":"summary_large_image","twitter_misc":{"Dur\u00e9e de lecture estim\u00e9e":"4 minutes"},"schema":{"@context":"https:\/\/schema.org","@graph":[{"@type":"WebPage","@id":"https:\/\/partnershipjobs.ca\/fr\/tarifs\/","url":"https:\/\/partnershipjobs.ca\/fr\/tarifs\/","name":"Tarifs | The Partnership Job Board","isPartOf":{"@id":"https:\/\/partnershipjobs.ca\/fr\/#website"},"datePublished":"2024-07-30T13:45:26+00:00","dateModified":"2026-01-21T22:04:53+00:00","breadcrumb":{"@id":"https:\/\/partnershipjobs.ca\/fr\/tarifs\/#breadcrumb"},"inLanguage":"fr-FR","potentialAction":[{"@type":"ReadAction","target":["https:\/\/partnershipjobs.ca\/fr\/tarifs\/"]}]},{"@type":"BreadcrumbList","@id":"https:\/\/partnershipjobs.ca\/fr\/tarifs\/#breadcrumb","itemListElement":[{"@type":"ListItem","position":1,"name":"Accueil","item":"https:\/\/partnershipjobs.ca\/fr\/"},{"@type":"ListItem","position":2,"name":"Tarifs"}]},{"@type":"WebSite","@id":"https:\/\/partnershipjobs.ca\/fr\/#website","url":"https:\/\/partnershipjobs.ca\/fr\/","name":"The Partnership Job Board","description":"Get A Job","potentialAction":[{"@type":"SearchAction","target":{"@type":"EntryPoint","urlTemplate":"https:\/\/partnershipjobs.ca\/fr\/?s={search_term_string}"},"query-input":{"@type":"PropertyValueSpecification","valueRequired":true,"valueName":"search_term_string"}}],"inLanguage":"fr-FR"}]}},"_links":{"self":[{"href":"https:\/\/partnershipjobs.ca\/fr\/wp-json\/wp\/v2\/pages\/1133","targetHints":{"allow":["GET"]}}],"collection":[{"href":"https:\/\/partnershipjobs.ca\/fr\/wp-json\/wp\/v2\/pages"}],"about":[{"href":"https:\/\/partnershipjobs.ca\/fr\/wp-json\/wp\/v2\/types\/page"}],"author":[{"embeddable":true,"href":"https:\/\/partnershipjobs.ca\/fr\/wp-json\/wp\/v2\/users\/10"}],"replies":[{"embeddable":true,"href":"https:\/\/partnershipjobs.ca\/fr\/wp-json\/wp\/v2\/comments?post=1133"}],"version-history":[{"count":0,"href":"https:\/\/partnershipjobs.ca\/fr\/wp-json\/wp\/v2\/pages\/1133\/revisions"}],"wp:attachment":[{"href":"https:\/\/partnershipjobs.ca\/fr\/wp-json\/wp\/v2\/media?parent=1133"}],"curies":[{"name":"wp","href":"https:\/\/api.w.org\/{rel}","templated":true}]}}